{"id":31,"date":"2021-03-18T14:38:28","date_gmt":"2021-03-18T13:38:28","guid":{"rendered":"https:\/\/zuzana-cechova.cz\/?page_id=31"},"modified":"2021-09-28T11:39:02","modified_gmt":"2021-09-28T09:39:02","slug":"teenagers","status":"publish","type":"page","link":"https:\/\/zuzana-cechova.cz\/en\/teenagers\/","title":{"rendered":"Teenagers"},"content":{"rendered":"<div data-elementor-type=\"wp-page\" data-elementor-id=\"31\" class=\"elementor elementor-31\" data-elementor-post-type=\"page\">\n\t\t\t\t\t\t<section class=\"elementor-section elementor-top-section elementor-element elementor-element-1b86a6c2 elementor-section-boxed elementor-section-height-default elementor-section-height-default\" data-id=\"1b86a6c2\" data-element_type=\"section\" data-settings=\"{&quot;background_background&quot;:&quot;classic&quot;}\">\n\t\t\t\t\t\t<div class=\"elementor-container elementor-column-gap-default\">\n\t\t\t\t\t<div class=\"elementor-column elementor-col-100 elementor-top-column elementor-element elementor-element-69a23e97\" data-id=\"69a23e97\" data-element_type=\"column\" data-settings=\"{&quot;background_background&quot;:&quot;classic&quot;}\">\n\t\t\t<div class=\"elementor-widget-wrap elementor-element-populated\">\n\t\t\t\t\t\t<div class=\"elementor-element elementor-element-2d75c813 elementor-widget elementor-widget-heading\" data-id=\"2d75c813\" data-element_type=\"widget\" data-widget_type=\"heading.default\">\n\t\t\t\t<div class=\"elementor-widget-container\">\n\t\t\t\t\t<h2 class=\"elementor-heading-title elementor-size-default\">Teenagers<\/h2>\t\t\t\t<\/div>\n\t\t\t\t<\/div>\n\t\t\t\t<div class=\"elementor-element elementor-element-57ea6682 elementor-widget elementor-widget-text-editor\" data-id=\"57ea6682\" data-element_type=\"widget\" data-widget_type=\"text-editor.default\">\n\t\t\t\t<div class=\"elementor-widget-container\">\n\t\t\t\t\t\t\t\t\t<p><strong>Do you feel like no one understands you?<\/strong><\/p>\t\t\t\t\t\t\t\t<\/div>\n\t\t\t\t<\/div>\n\t\t\t\t<div class=\"elementor-element elementor-element-12496c3 elementor-widget elementor-widget-text-editor\" data-id=\"12496c3\" data-element_type=\"widget\" data-widget_type=\"text-editor.default\">\n\t\t\t\t<div class=\"elementor-widget-container\">\n\t\t\t\t\t\t\t\t\t<p><span style=\"caret-color: #000000; color: #000000; white-space: pre-wrap;\"><b>Are you feeling down and don\u2019t know what to do about it? <\/b><\/span><\/p>\t\t\t\t\t\t\t\t<\/div>\n\t\t\t\t<\/div>\n\t\t\t\t<div class=\"elementor-element elementor-element-e56ffd3 elementor-widget elementor-widget-text-editor\" data-id=\"e56ffd3\" data-element_type=\"widget\" data-widget_type=\"text-editor.default\">\n\t\t\t\t<div class=\"elementor-widget-container\">\n\t\t\t\t\t\t\t\t\t<p><span style=\"caret-color: #000000; color: #000000; white-space: pre-wrap;\"><b>Are you wondering which way to go in your life?<\/b><\/span><\/p>\t\t\t\t\t\t\t\t<\/div>\n\t\t\t\t<\/div>\n\t\t\t\t\t<\/div>\n\t\t<\/div>\n\t\t\t\t\t<\/div>\n\t\t<\/section>\n\t\t\t\t<section class=\"elementor-section elementor-top-section elementor-element elementor-element-7671ebba elementor-section-boxed elementor-section-height-default elementor-section-height-default\" data-id=\"7671ebba\" data-element_type=\"section\" data-settings=\"{&quot;background_background&quot;:&quot;classic&quot;}\">\n\t\t\t\t\t\t<div class=\"elementor-container elementor-column-gap-default\">\n\t\t\t\t\t<div class=\"elementor-column elementor-col-100 elementor-top-column elementor-element elementor-element-31aa8643\" data-id=\"31aa8643\" data-element_type=\"column\">\n\t\t\t<div class=\"elementor-widget-wrap elementor-element-populated\">\n\t\t\t\t\t\t<div class=\"elementor-element elementor-element-a5ad061 elementor-widget elementor-widget-heading\" data-id=\"a5ad061\" data-element_type=\"widget\" data-widget_type=\"heading.default\">\n\t\t\t\t<div class=\"elementor-widget-container\">\n\t\t\t\t\t<h2 class=\"elementor-heading-title elementor-size-default\">Results of therapy<\/h2>\t\t\t\t<\/div>\n\t\t\t\t<\/div>\n\t\t\t\t\t<\/div>\n\t\t<\/div>\n\t\t\t\t\t<\/div>\n\t\t<\/section>\n\t\t\t\t<section class=\"elementor-section elementor-top-section elementor-element elementor-element-ab65d98 elementor-section-boxed elementor-section-height-default elementor-section-height-default\" data-id=\"ab65d98\" data-element_type=\"section\" data-settings=\"{&quot;background_background&quot;:&quot;classic&quot;}\">\n\t\t\t\t\t\t<div class=\"elementor-container elementor-column-gap-default\">\n\t\t\t\t\t<div class=\"elementor-column elementor-col-100 elementor-top-column elementor-element elementor-element-8477d0d\" data-id=\"8477d0d\" data-element_type=\"column\">\n\t\t\t<div class=\"elementor-widget-wrap elementor-element-populated\">\n\t\t\t\t\t\t<div class=\"elementor-element elementor-element-9061001 elementor-widget elementor-widget-text-editor\" data-id=\"9061001\" data-element_type=\"widget\" data-widget_type=\"text-editor.default\">\n\t\t\t\t<div class=\"elementor-widget-container\">\n\t\t\t\t\t\t\t\t\t<p>My clients leave therapy with higher self-confidence, build new relationships easier, communicate their needs much better, and compare themselves less with others. They learn and memorize better, feel more balanced and healthier. Moreover, they do not fight against the current anymore and experience joy and ease again. Selecting a school or a future profession is no longer a nightmare for them as they are more in tune with themselves.<\/p>\t\t\t\t\t\t\t\t<\/div>\n\t\t\t\t<\/div>\n\t\t\t\t\t<\/div>\n\t\t<\/div>\n\t\t\t\t\t<\/div>\n\t\t<\/section>\n\t\t\t\t<section class=\"elementor-section elementor-top-section elementor-element elementor-element-0805094 elementor-section-boxed elementor-section-height-default elementor-section-height-default\" data-id=\"0805094\" data-element_type=\"section\" data-settings=\"{&quot;background_background&quot;:&quot;classic&quot;}\">\n\t\t\t\t\t\t<div class=\"elementor-container elementor-column-gap-default\">\n\t\t\t\t\t<div class=\"elementor-column elementor-col-50 elementor-top-column elementor-element elementor-element-e8ba6d3\" data-id=\"e8ba6d3\" data-element_type=\"column\">\n\t\t\t<div class=\"elementor-widget-wrap elementor-element-populated\">\n\t\t\t\t\t\t<div class=\"elementor-element elementor-element-d8af1c6 elementor-widget elementor-widget-heading\" data-id=\"d8af1c6\" data-element_type=\"widget\" data-widget_type=\"heading.default\">\n\t\t\t\t<div class=\"elementor-widget-container\">\n\t\t\t\t\t<h2 class=\"elementor-heading-title elementor-size-default\">What I help my clients with<\/h2>\t\t\t\t<\/div>\n\t\t\t\t<\/div>\n\t\t\t\t\t<\/div>\n\t\t<\/div>\n\t\t\t\t<div class=\"elementor-column elementor-col-50 elementor-top-column elementor-element elementor-element-1805f09\" data-id=\"1805f09\" data-element_type=\"column\">\n\t\t\t<div class=\"elementor-widget-wrap elementor-element-populated\">\n\t\t\t\t\t\t<div class=\"elementor-element elementor-element-92110f6 elementor-hidden-tablet elementor-hidden-phone elementor-widget elementor-widget-image\" data-id=\"92110f6\" data-element_type=\"widget\" data-widget_type=\"image.default\">\n\t\t\t\t<div class=\"elementor-widget-container\">\n\t\t\t\t\t\t\t\t\t\t\t\t\t\t\t<img fetchpriority=\"high\" decoding=\"async\" width=\"683\" height=\"1024\" src=\"https:\/\/zuzana-cechova.cz\/wp-content\/uploads\/2021\/04\/Zuzana-Cechova-\u2013-Teenagers-fotka-683x1024.jpg\" class=\"attachment-large size-large wp-image-1692\" alt=\"Zuzana \u010cechov\u00e1 \u2013 Teenagers fotka\" srcset=\"https:\/\/zuzana-cechova.cz\/wp-content\/uploads\/2021\/04\/Zuzana-Cechova-\u2013-Teenagers-fotka-683x1024.jpg 683w, https:\/\/zuzana-cechova.cz\/wp-content\/uploads\/2021\/04\/Zuzana-Cechova-\u2013-Teenagers-fotka-200x300.jpg 200w, https:\/\/zuzana-cechova.cz\/wp-content\/uploads\/2021\/04\/Zuzana-Cechova-\u2013-Teenagers-fotka-768x1152.jpg 768w, https:\/\/zuzana-cechova.cz\/wp-content\/uploads\/2021\/04\/Zuzana-Cechova-\u2013-Teenagers-fotka.jpg 1000w\" sizes=\"(max-width: 683px) 100vw, 683px\" \/>\t\t\t\t\t\t\t\t\t\t\t\t\t\t\t<\/div>\n\t\t\t\t<\/div>\n\t\t\t\t\t<\/div>\n\t\t<\/div>\n\t\t\t\t\t<\/div>\n\t\t<\/section>\n\t\t\t\t<section class=\"elementor-section elementor-top-section elementor-element elementor-element-f7dad24 elementor-section-boxed elementor-section-height-default elementor-section-height-default\" data-id=\"f7dad24\" data-element_type=\"section\" data-settings=\"{&quot;background_background&quot;:&quot;classic&quot;}\">\n\t\t\t\t\t\t<div class=\"elementor-container elementor-column-gap-default\">\n\t\t\t\t\t<div class=\"elementor-column elementor-col-100 elementor-top-column elementor-element elementor-element-23d1f67\" data-id=\"23d1f67\" data-element_type=\"column\">\n\t\t\t<div class=\"elementor-widget-wrap elementor-element-populated\">\n\t\t\t\t\t\t<div class=\"elementor-element elementor-element-19f2bdd elementor-widget elementor-widget-text-editor\" data-id=\"19f2bdd\" data-element_type=\"widget\" data-widget_type=\"text-editor.default\">\n\t\t\t\t<div class=\"elementor-widget-container\">\n\t\t\t\t\t\t\t\t\t<p>I work with clients whose physical condition, mental or emotional disorders, current family situation, or school problems limit them in everyday life. They are often shy to talk about it but cannot help themselves and do not know how to get through. Remember that there is always a way out! Together we will find it just as we did with <a id=\"linktext\" href=\"https:\/\/zuzana-cechova.cz\/en\/reference\/#ref-val\">Valent\u00fdna<\/a>. At the same time, I will teach you various techniques (e.g. The technique of the Kings to find and maintain inner peace and balance) and give you tips on how to help yourselves when there is no therapist around.<\/p>\t\t\t\t\t\t\t\t<\/div>\n\t\t\t\t<\/div>\n\t\t\t\t\t<\/div>\n\t\t<\/div>\n\t\t\t\t\t<\/div>\n\t\t<\/section>\n\t\t\t\t<section class=\"elementor-section elementor-top-section elementor-element elementor-element-6a9742fb elementor-section-boxed elementor-section-height-default elementor-section-height-default\" data-id=\"6a9742fb\" data-element_type=\"section\" data-settings=\"{&quot;background_background&quot;:&quot;classic&quot;}\">\n\t\t\t\t\t\t<div class=\"elementor-container elementor-column-gap-default\">\n\t\t\t\t\t<div class=\"elementor-column elementor-col-100 elementor-top-column elementor-element elementor-element-7517551d\" data-id=\"7517551d\" data-element_type=\"column\">\n\t\t\t<div class=\"elementor-widget-wrap elementor-element-populated\">\n\t\t\t\t\t\t<div class=\"elementor-element elementor-element-4f59c33a elementor-widget elementor-widget-heading\" data-id=\"4f59c33a\" data-element_type=\"widget\" data-widget_type=\"heading.default\">\n\t\t\t\t<div class=\"elementor-widget-container\">\n\t\t\t\t\t<h2 class=\"elementor-heading-title elementor-size-default translation-block\">Children and teenagers look for help<br> for example with<\/h2>\t\t\t\t<\/div>\n\t\t\t\t<\/div>\n\t\t\t\t\t<\/div>\n\t\t<\/div>\n\t\t\t\t\t<\/div>\n\t\t<\/section>\n\t\t\t\t<section class=\"elementor-section elementor-top-section elementor-element elementor-element-3d57aa96 elementor-section-boxed elementor-section-height-default elementor-section-height-default\" data-id=\"3d57aa96\" data-element_type=\"section\" data-settings=\"{&quot;background_background&quot;:&quot;classic&quot;}\">\n\t\t\t\t\t\t<div class=\"elementor-container elementor-column-gap-default\">\n\t\t\t\t\t<div class=\"elementor-column elementor-col-33 elementor-top-column elementor-element elementor-element-b1edc82\" data-id=\"b1edc82\" data-element_type=\"column\" data-settings=\"{&quot;background_background&quot;:&quot;classic&quot;}\">\n\t\t\t<div class=\"elementor-widget-wrap elementor-element-populated\">\n\t\t\t\t\t\t<div class=\"elementor-element elementor-element-8af5f43 elementor-widget elementor-widget-heading\" data-id=\"8af5f43\" data-element_type=\"widget\" data-widget_type=\"heading.default\">\n\t\t\t\t<div class=\"elementor-widget-container\">\n\t\t\t\t\t<h3 class=\"elementor-heading-title elementor-size-default\">Physical problems<\/h3>\t\t\t\t<\/div>\n\t\t\t\t<\/div>\n\t\t\t\t<div class=\"elementor-element elementor-element-9d151ba elementor-widget elementor-widget-text-editor\" data-id=\"9d151ba\" data-element_type=\"widget\" data-widget_type=\"text-editor.default\">\n\t\t\t\t<div class=\"elementor-widget-container\">\n\t\t\t\t\t\t\t\t\t<ul><li>anorexia, bulimia<\/li><li>excess weight<\/li><li>acute or chronic pain<\/li><li>stuttering<\/li><li class=\"translation-block\">attention span, focus, <br>and memory<\/li><li>hyperactivity<\/li><li>wetting<\/li><li>inflammations<\/li><\/ul>\t\t\t\t\t\t\t\t<\/div>\n\t\t\t\t<\/div>\n\t\t\t\t\t<\/div>\n\t\t<\/div>\n\t\t\t\t<div class=\"elementor-column elementor-col-33 elementor-top-column elementor-element elementor-element-24e8565\" data-id=\"24e8565\" data-element_type=\"column\" data-settings=\"{&quot;background_background&quot;:&quot;classic&quot;}\">\n\t\t\t<div class=\"elementor-widget-wrap elementor-element-populated\">\n\t\t\t\t\t\t<div class=\"elementor-element elementor-element-cffef72 elementor-widget elementor-widget-heading\" data-id=\"cffef72\" data-element_type=\"widget\" data-widget_type=\"heading.default\">\n\t\t\t\t<div class=\"elementor-widget-container\">\n\t\t\t\t\t<h3 class=\"elementor-heading-title elementor-size-default\">Mental and emotional problems<\/h3>\t\t\t\t<\/div>\n\t\t\t\t<\/div>\n\t\t\t\t<div class=\"elementor-element elementor-element-e17a3d1 elementor-widget elementor-widget-text-editor\" data-id=\"e17a3d1\" data-element_type=\"widget\" data-widget_type=\"text-editor.default\">\n\t\t\t\t<div class=\"elementor-widget-container\">\n\t\t\t\t\t\t\t\t\t<ul><li class=\"translation-block\">short or long-term stress, fear, stage fright<\/li><li>low self-esteem<\/li><li>mood shifts, irritability, depressive symptoms<\/li><li>loss of motivation<\/li><li class=\"translation-block\">social comparison process<\/li><li>self-harm, destructive behavior patterns<\/li><li>suicidal feelings<\/li><li>bullying<\/li><li class=\"translation-block\">phobias, addictions, and obsessions<\/li><li>autism<\/li><li>nightmares<\/li><\/ul>\t\t\t\t\t\t\t\t<\/div>\n\t\t\t\t<\/div>\n\t\t\t\t\t<\/div>\n\t\t<\/div>\n\t\t\t\t<div class=\"elementor-column elementor-col-33 elementor-top-column elementor-element elementor-element-6cf4691\" data-id=\"6cf4691\" data-element_type=\"column\" data-settings=\"{&quot;background_background&quot;:&quot;classic&quot;}\">\n\t\t\t<div class=\"elementor-widget-wrap elementor-element-populated\">\n\t\t\t\t\t\t<div class=\"elementor-element elementor-element-5db7df6 elementor-widget elementor-widget-heading\" data-id=\"5db7df6\" data-element_type=\"widget\" data-widget_type=\"heading.default\">\n\t\t\t\t<div class=\"elementor-widget-container\">\n\t\t\t\t\t<h3 class=\"elementor-heading-title elementor-size-default\">Others<\/h3>\t\t\t\t<\/div>\n\t\t\t\t<\/div>\n\t\t\t\t<div class=\"elementor-element elementor-element-22af6df elementor-widget elementor-widget-text-editor\" data-id=\"22af6df\" data-element_type=\"widget\" data-widget_type=\"text-editor.default\">\n\t\t\t\t<div class=\"elementor-widget-container\">\n\t\t\t\t\t\t\t\t\t<ul><li class=\"translation-block\">selecting a school or profession<\/li><li>improving communication skills<\/li><li>building healthy relationships<\/li><\/ul>\t\t\t\t\t\t\t\t<\/div>\n\t\t\t\t<\/div>\n\t\t\t\t\t<\/div>\n\t\t<\/div>\n\t\t\t\t\t<\/div>\n\t\t<\/section>\n\t\t\t\t<section class=\"elementor-section elementor-top-section elementor-element elementor-element-261d243 elementor-section-boxed elementor-section-height-default elementor-section-height-default\" data-id=\"261d243\" data-element_type=\"section\" data-settings=\"{&quot;background_background&quot;:&quot;classic&quot;}\">\n\t\t\t\t\t\t<div class=\"elementor-container elementor-column-gap-default\">\n\t\t\t\t\t<div class=\"elementor-column elementor-col-100 elementor-top-column elementor-element elementor-element-3e5020c\" data-id=\"3e5020c\" data-element_type=\"column\" data-settings=\"{&quot;background_background&quot;:&quot;classic&quot;}\">\n\t\t\t<div class=\"elementor-widget-wrap elementor-element-populated\">\n\t\t\t\t\t\t<div class=\"elementor-element elementor-element-dbaf919 elementor-widget elementor-widget-heading\" data-id=\"dbaf919\" data-element_type=\"widget\" data-widget_type=\"heading.default\">\n\t\t\t\t<div class=\"elementor-widget-container\">\n\t\t\t\t\t<h2 class=\"elementor-heading-title elementor-size-default\">Please feel free to give me a call to see if I can help you<\/h2>\t\t\t\t<\/div>\n\t\t\t\t<\/div>\n\t\t\t\t<div class=\"elementor-element elementor-element-2c9789a elementor-widget elementor-widget-button\" data-id=\"2c9789a\" data-element_type=\"widget\" data-widget_type=\"button.default\">\n\t\t\t\t<div class=\"elementor-widget-container\">\n\t\t\t\t\t\t\t\t\t<div class=\"elementor-button-wrapper\">\n\t\t\t\t\t<a class=\"elementor-button elementor-button-link elementor-size-sm elementor-animation-shrink\" href=\"https:\/\/zuzana-cechova.cz\/en\/kontakt\/\">\n\t\t\t\t\t\t<span class=\"elementor-button-content-wrapper\">\n\t\t\t\t\t\t\t\t\t<span class=\"elementor-button-text\">Contact Zuzana<\/span>\n\t\t\t\t\t<\/span>\n\t\t\t\t\t<\/a>\n\t\t\t\t<\/div>\n\t\t\t\t\t\t\t\t<\/div>\n\t\t\t\t<\/div>\n\t\t\t\t\t<\/div>\n\t\t<\/div>\n\t\t\t\t\t<\/div>\n\t\t<\/section>\n\t\t\t\t<\/div>","protected":false},"excerpt":{"rendered":"<p>Teenagers M\u00e1te pocit, \u017ee v\u00e1m nikdo nerozum\u00ed a nech\u00e1pe v\u00e1s? C\u00edt\u00edte se \u0161patn\u011b a neum\u00edte si pomoct? T\u00e1pete, jak\u00fdm sm\u011brem se v \u017eivot\u011b vydat? V\u00fdsledky terapie Klienti po spole\u010dn\u00e9 pr\u00e1ci odch\u00e1zej\u00ed sebev\u011bdom\u011bj\u0161\u00ed, l\u00e9pe navazuj\u00ed vztahy, jasn\u011bji komunikuj\u00ed sv\u00e9 pot\u0159eby, m\u00e9n\u011b se porovn\u00e1vaj\u00ed s jin\u00fdmi, l\u00e9pe se u\u010d\u00ed a pamatuj\u00ed si, zlep\u0161uje se jim zdravotn\u00ed stav [&hellip;]<\/p>","protected":false},"author":1,"featured_media":0,"parent":0,"menu_order":0,"comment_status":"closed","ping_status":"closed","template":"","meta":{"inline_featured_image":false,"footnotes":""},"class_list":["post-31","page","type-page","status-publish","hentry"],"yoast_head":"<!-- This site is optimized with the Yoast SEO plugin v23.7 - https:\/\/yoast.com\/wordpress\/plugins\/seo\/ -->\n<title>Zuzana \u010cechov\u00e1 - Teenagers<\/title>\n<meta name=\"robots\" content=\"index, follow, max-snippet:-1, max-image-preview:large, max-video-preview:-1\" \/>\n<link rel=\"canonical\" href=\"https:\/\/zuzana-cechova.cz\/en\/teenagers\/\" \/>\n<meta property=\"og:locale\" content=\"en_US\" \/>\n<meta property=\"og:type\" content=\"article\" \/>\n<meta property=\"og:title\" content=\"Zuzana \u010cechov\u00e1 - Teenagers\" \/>\n<meta property=\"og:description\" content=\"Teenagers M\u00e1te pocit, \u017ee v\u00e1m nikdo nerozum\u00ed a nech\u00e1pe v\u00e1s? C\u00edt\u00edte se \u0161patn\u011b a neum\u00edte si pomoct? T\u00e1pete, jak\u00fdm sm\u011brem se v \u017eivot\u011b vydat? V\u00fdsledky terapie Klienti po spole\u010dn\u00e9 pr\u00e1ci odch\u00e1zej\u00ed sebev\u011bdom\u011bj\u0161\u00ed, l\u00e9pe navazuj\u00ed vztahy, jasn\u011bji komunikuj\u00ed sv\u00e9 pot\u0159eby, m\u00e9n\u011b se porovn\u00e1vaj\u00ed s jin\u00fdmi, l\u00e9pe se u\u010d\u00ed a pamatuj\u00ed si, zlep\u0161uje se jim zdravotn\u00ed stav [&hellip;]\" \/>\n<meta property=\"og:url\" content=\"https:\/\/zuzana-cechova.cz\/en\/teenagers\/\" \/>\n<meta property=\"og:site_name\" content=\"Zuzana \u010cechov\u00e1\" \/>\n<meta property=\"article:modified_time\" content=\"2021-09-28T09:39:02+00:00\" \/>\n<meta property=\"og:image\" content=\"https:\/\/zuzana-cechova.cz\/wp-content\/uploads\/2021\/04\/Zuzana-Cechova-\u2013-Teenagers-fotka-683x1024.jpg\" \/>\n<meta name=\"twitter:card\" content=\"summary_large_image\" \/>\n<meta name=\"twitter:label1\" content=\"Est. reading time\" \/>\n\t<meta name=\"twitter:data1\" content=\"2 minutes\" \/>\n<script type=\"application\/ld+json\" class=\"yoast-schema-graph\">{\"@context\":\"https:\/\/schema.org\",\"@graph\":[{\"@type\":\"WebPage\",\"@id\":\"https:\/\/zuzana-cechova.cz\/teenagers\/\",\"url\":\"https:\/\/zuzana-cechova.cz\/teenagers\/\",\"name\":\"Zuzana \u010cechov\u00e1 - Teenagers\",\"isPartOf\":{\"@id\":\"https:\/\/zuzana-cechova.cz\/#website\"},\"datePublished\":\"2021-03-18T13:38:28+00:00\",\"dateModified\":\"2021-09-28T09:39:02+00:00\",\"breadcrumb\":{\"@id\":\"https:\/\/zuzana-cechova.cz\/teenagers\/#breadcrumb\"},\"inLanguage\":\"en-US\",\"potentialAction\":[{\"@type\":\"ReadAction\",\"target\":[\"https:\/\/zuzana-cechova.cz\/teenagers\/\"]}]},{\"@type\":\"BreadcrumbList\",\"@id\":\"https:\/\/zuzana-cechova.cz\/teenagers\/#breadcrumb\",\"itemListElement\":[{\"@type\":\"ListItem\",\"position\":1,\"name\":\"Dom\u016f\",\"item\":\"https:\/\/zuzana-cechova.cz\/\"},{\"@type\":\"ListItem\",\"position\":2,\"name\":\"Teenagers\"}]},{\"@type\":\"WebSite\",\"@id\":\"https:\/\/zuzana-cechova.cz\/#website\",\"url\":\"https:\/\/zuzana-cechova.cz\/\",\"name\":\"Zuzana \u010cechov\u00e1\",\"description\":\"Pom\u00e1h\u00e1m lidem pomoc\u00ed metody zvan\u00e9 Frekven\u010dn\u00ed psychoterapie\",\"publisher\":{\"@id\":\"https:\/\/zuzana-cechova.cz\/#organization\"},\"potentialAction\":[{\"@type\":\"SearchAction\",\"target\":{\"@type\":\"EntryPoint\",\"urlTemplate\":\"https:\/\/zuzana-cechova.cz\/?s={search_term_string}\"},\"query-input\":{\"@type\":\"PropertyValueSpecification\",\"valueRequired\":true,\"valueName\":\"search_term_string\"}}],\"inLanguage\":\"en-US\"},{\"@type\":\"Organization\",\"@id\":\"https:\/\/zuzana-cechova.cz\/#organization\",\"name\":\"Zuzana \u010cechov\u00e1\",\"url\":\"https:\/\/zuzana-cechova.cz\/\",\"logo\":{\"@type\":\"ImageObject\",\"inLanguage\":\"en-US\",\"@id\":\"https:\/\/zuzana-cechova.cz\/#\/schema\/logo\/image\/\",\"url\":\"https:\/\/zuzana-cechova.cz\/wp-content\/uploads\/2021\/03\/Logo-\u2013-Zuzana-Cechova.svg\",\"contentUrl\":\"https:\/\/zuzana-cechova.cz\/wp-content\/uploads\/2021\/03\/Logo-\u2013-Zuzana-Cechova.svg\",\"width\":299,\"height\":48,\"caption\":\"Zuzana \u010cechov\u00e1\"},\"image\":{\"@id\":\"https:\/\/zuzana-cechova.cz\/#\/schema\/logo\/image\/\"}}]}<\/script>\n<!-- \/ Yoast SEO plugin. -->","yoast_head_json":{"title":"Zuzana \u010cechov\u00e1 - Teenagers","robots":{"index":"index","follow":"follow","max-snippet":"max-snippet:-1","max-image-preview":"max-image-preview:large","max-video-preview":"max-video-preview:-1"},"canonical":"https:\/\/zuzana-cechova.cz\/en\/teenagers\/","og_locale":"en_US","og_type":"article","og_title":"Zuzana \u010cechov\u00e1 - Teenagers","og_description":"Teenagers M\u00e1te pocit, \u017ee v\u00e1m nikdo nerozum\u00ed a nech\u00e1pe v\u00e1s? C\u00edt\u00edte se \u0161patn\u011b a neum\u00edte si pomoct? T\u00e1pete, jak\u00fdm sm\u011brem se v \u017eivot\u011b vydat? V\u00fdsledky terapie Klienti po spole\u010dn\u00e9 pr\u00e1ci odch\u00e1zej\u00ed sebev\u011bdom\u011bj\u0161\u00ed, l\u00e9pe navazuj\u00ed vztahy, jasn\u011bji komunikuj\u00ed sv\u00e9 pot\u0159eby, m\u00e9n\u011b se porovn\u00e1vaj\u00ed s jin\u00fdmi, l\u00e9pe se u\u010d\u00ed a pamatuj\u00ed si, zlep\u0161uje se jim zdravotn\u00ed stav [&hellip;]","og_url":"https:\/\/zuzana-cechova.cz\/en\/teenagers\/","og_site_name":"Zuzana \u010cechov\u00e1","article_modified_time":"2021-09-28T09:39:02+00:00","og_image":[{"url":"https:\/\/zuzana-cechova.cz\/wp-content\/uploads\/2021\/04\/Zuzana-Cechova-\u2013-Teenagers-fotka-683x1024.jpg"}],"twitter_card":"summary_large_image","twitter_misc":{"Est. reading time":"2 minutes"},"schema":{"@context":"https:\/\/schema.org","@graph":[{"@type":"WebPage","@id":"https:\/\/zuzana-cechova.cz\/teenagers\/","url":"https:\/\/zuzana-cechova.cz\/teenagers\/","name":"Zuzana \u010cechov\u00e1 - Teenagers","isPartOf":{"@id":"https:\/\/zuzana-cechova.cz\/#website"},"datePublished":"2021-03-18T13:38:28+00:00","dateModified":"2021-09-28T09:39:02+00:00","breadcrumb":{"@id":"https:\/\/zuzana-cechova.cz\/teenagers\/#breadcrumb"},"inLanguage":"en-US","potentialAction":[{"@type":"ReadAction","target":["https:\/\/zuzana-cechova.cz\/teenagers\/"]}]},{"@type":"BreadcrumbList","@id":"https:\/\/zuzana-cechova.cz\/teenagers\/#breadcrumb","itemListElement":[{"@type":"ListItem","position":1,"name":"Dom\u016f","item":"https:\/\/zuzana-cechova.cz\/"},{"@type":"ListItem","position":2,"name":"Teenagers"}]},{"@type":"WebSite","@id":"https:\/\/zuzana-cechova.cz\/#website","url":"https:\/\/zuzana-cechova.cz\/","name":"Zuzana \u010cechov\u00e1","description":"Pom\u00e1h\u00e1m lidem pomoc\u00ed metody zvan\u00e9 Frekven\u010dn\u00ed psychoterapie","publisher":{"@id":"https:\/\/zuzana-cechova.cz\/#organization"},"potentialAction":[{"@type":"SearchAction","target":{"@type":"EntryPoint","urlTemplate":"https:\/\/zuzana-cechova.cz\/?s={search_term_string}"},"query-input":{"@type":"PropertyValueSpecification","valueRequired":true,"valueName":"search_term_string"}}],"inLanguage":"en-US"},{"@type":"Organization","@id":"https:\/\/zuzana-cechova.cz\/#organization","name":"Zuzana \u010cechov\u00e1","url":"https:\/\/zuzana-cechova.cz\/","logo":{"@type":"ImageObject","inLanguage":"en-US","@id":"https:\/\/zuzana-cechova.cz\/#\/schema\/logo\/image\/","url":"https:\/\/zuzana-cechova.cz\/wp-content\/uploads\/2021\/03\/Logo-\u2013-Zuzana-Cechova.svg","contentUrl":"https:\/\/zuzana-cechova.cz\/wp-content\/uploads\/2021\/03\/Logo-\u2013-Zuzana-Cechova.svg","width":299,"height":48,"caption":"Zuzana \u010cechov\u00e1"},"image":{"@id":"https:\/\/zuzana-cechova.cz\/#\/schema\/logo\/image\/"}}]}},"_links":{"self":[{"href":"https:\/\/zuzana-cechova.cz\/en\/wp-json\/wp\/v2\/pages\/31","targetHints":{"allow":["GET"]}}],"collection":[{"href":"https:\/\/zuzana-cechova.cz\/en\/wp-json\/wp\/v2\/pages"}],"about":[{"href":"https:\/\/zuzana-cechova.cz\/en\/wp-json\/wp\/v2\/types\/page"}],"author":[{"embeddable":true,"href":"https:\/\/zuzana-cechova.cz\/en\/wp-json\/wp\/v2\/users\/1"}],"replies":[{"embeddable":true,"href":"https:\/\/zuzana-cechova.cz\/en\/wp-json\/wp\/v2\/comments?post=31"}],"version-history":[{"count":190,"href":"https:\/\/zuzana-cechova.cz\/en\/wp-json\/wp\/v2\/pages\/31\/revisions"}],"predecessor-version":[{"id":2082,"href":"https:\/\/zuzana-cechova.cz\/en\/wp-json\/wp\/v2\/pages\/31\/revisions\/2082"}],"wp:attachment":[{"href":"https:\/\/zuzana-cechova.cz\/en\/wp-json\/wp\/v2\/media?parent=31"}],"curies":[{"name":"wp","href":"https:\/\/api.w.org\/{rel}","templated":true}]}}