{"id":17,"date":"2021-03-18T14:37:28","date_gmt":"2021-03-18T13:37:28","guid":{"rendered":"https:\/\/zuzana-cechova.cz\/?page_id=17"},"modified":"2021-05-14T17:54:43","modified_gmt":"2021-05-14T15:54:43","slug":"klienti","status":"publish","type":"page","link":"https:\/\/zuzana-cechova.cz\/en\/klienti\/","title":{"rendered":"Clients"},"content":{"rendered":"<div data-elementor-type=\"wp-page\" data-elementor-id=\"17\" class=\"elementor elementor-17\" data-elementor-post-type=\"page\">\n\t\t\t\t\t\t<section class=\"elementor-section elementor-top-section elementor-element elementor-element-769c6169 elementor-section-boxed elementor-section-height-default elementor-section-height-default\" data-id=\"769c6169\" data-element_type=\"section\" data-settings=\"{&quot;background_background&quot;:&quot;classic&quot;}\">\n\t\t\t\t\t\t<div class=\"elementor-container elementor-column-gap-default\">\n\t\t\t\t\t<div class=\"elementor-column elementor-col-100 elementor-top-column elementor-element elementor-element-63367da4\" data-id=\"63367da4\" data-element_type=\"column\" data-settings=\"{&quot;background_background&quot;:&quot;classic&quot;}\">\n\t\t\t<div class=\"elementor-widget-wrap elementor-element-populated\">\n\t\t\t\t\t\t<div class=\"elementor-element elementor-element-47023db1 elementor-widget elementor-widget-heading\" data-id=\"47023db1\" data-element_type=\"widget\" data-widget_type=\"heading.default\">\n\t\t\t\t<div class=\"elementor-widget-container\">\n\t\t\t\t\t<h2 class=\"elementor-heading-title elementor-size-default\">My clients<\/h2>\t\t\t\t<\/div>\n\t\t\t\t<\/div>\n\t\t\t\t<div class=\"elementor-element elementor-element-7fc22d2f elementor-widget elementor-widget-text-editor\" data-id=\"7fc22d2f\" data-element_type=\"widget\" data-widget_type=\"text-editor.default\">\n\t\t\t\t<div class=\"elementor-widget-container\">\n\t\t\t\t\t\t\t\t\t<p>I work with children, teenagers, and adults both Czech and English-speaking. With anyone who is not satisfied with their life and wants to move forward.<\/p>\t\t\t\t\t\t\t\t<\/div>\n\t\t\t\t<\/div>\n\t\t\t\t\t<\/div>\n\t\t<\/div>\n\t\t\t\t\t<\/div>\n\t\t<\/section>\n\t\t\t\t<section class=\"elementor-section elementor-top-section elementor-element elementor-element-9694b10 elementor-section-boxed elementor-section-height-default elementor-section-height-default\" data-id=\"9694b10\" data-element_type=\"section\">\n\t\t\t\t\t\t<div class=\"elementor-container elementor-column-gap-default\">\n\t\t\t\t\t<div class=\"elementor-column elementor-col-50 elementor-top-column elementor-element elementor-element-22f196a9\" data-id=\"22f196a9\" data-element_type=\"column\" data-settings=\"{&quot;background_background&quot;:&quot;classic&quot;}\">\n\t\t\t<div class=\"elementor-widget-wrap elementor-element-populated\">\n\t\t\t\t\t\t<div class=\"elementor-element elementor-element-24a8f526 elementor-widget elementor-widget-heading\" data-id=\"24a8f526\" data-element_type=\"widget\" data-widget_type=\"heading.default\">\n\t\t\t\t<div class=\"elementor-widget-container\">\n\t\t\t\t\t<h2 class=\"elementor-heading-title elementor-size-default\">Teenagers<\/h2>\t\t\t\t<\/div>\n\t\t\t\t<\/div>\n\t\t\t\t<div class=\"elementor-element elementor-element-b9daf72 elementor-widget elementor-widget-text-editor\" data-id=\"b9daf72\" data-element_type=\"widget\" data-widget_type=\"text-editor.default\">\n\t\t\t\t<div class=\"elementor-widget-container\">\n\t\t\t\t\t\t\t\t\t<p>Sometimes, It is okay to feel bad and not to know how to deal with it, but why experience that long-term?<\/p>\t\t\t\t\t\t\t\t<\/div>\n\t\t\t\t<\/div>\n\t\t\t\t<div class=\"elementor-element elementor-element-62befb9 elementor-widget elementor-widget-button\" data-id=\"62befb9\" data-element_type=\"widget\" data-widget_type=\"button.default\">\n\t\t\t\t<div class=\"elementor-widget-container\">\n\t\t\t\t\t\t\t\t\t<div class=\"elementor-button-wrapper\">\n\t\t\t\t\t<a class=\"elementor-button elementor-button-link elementor-size-sm elementor-animation-shrink\" href=\"https:\/\/zuzana-cechova.cz\/en\/teenagers\/\">\n\t\t\t\t\t\t<span class=\"elementor-button-content-wrapper\">\n\t\t\t\t\t\t\t\t\t<span class=\"elementor-button-text\">More about teenagers<\/span>\n\t\t\t\t\t<\/span>\n\t\t\t\t\t<\/a>\n\t\t\t\t<\/div>\n\t\t\t\t\t\t\t\t<\/div>\n\t\t\t\t<\/div>\n\t\t\t\t\t<\/div>\n\t\t<\/div>\n\t\t\t\t<div class=\"elementor-column elementor-col-50 elementor-top-column elementor-element elementor-element-7c007a2\" data-id=\"7c007a2\" data-element_type=\"column\" data-settings=\"{&quot;background_background&quot;:&quot;classic&quot;}\">\n\t\t\t<div class=\"elementor-widget-wrap elementor-element-populated\">\n\t\t\t\t\t\t<div class=\"elementor-element elementor-element-c0c2d06 elementor-widget elementor-widget-heading\" data-id=\"c0c2d06\" data-element_type=\"widget\" data-widget_type=\"heading.default\">\n\t\t\t\t<div class=\"elementor-widget-container\">\n\t\t\t\t\t<h2 class=\"elementor-heading-title elementor-size-default\">Adults<\/h2>\t\t\t\t<\/div>\n\t\t\t\t<\/div>\n\t\t\t\t<div class=\"elementor-element elementor-element-69c3140 elementor-widget elementor-widget-text-editor\" data-id=\"69c3140\" data-element_type=\"widget\" data-widget_type=\"text-editor.default\">\n\t\t\t\t<div class=\"elementor-widget-container\">\n\t\t\t\t\t\t\t\t\t<p>Would you like to move forward in your life and don\u2019t know how?<\/p>\t\t\t\t\t\t\t\t<\/div>\n\t\t\t\t<\/div>\n\t\t\t\t<div class=\"elementor-element elementor-element-20111a5 elementor-widget elementor-widget-button\" data-id=\"20111a5\" data-element_type=\"widget\" data-widget_type=\"button.default\">\n\t\t\t\t<div class=\"elementor-widget-container\">\n\t\t\t\t\t\t\t\t\t<div class=\"elementor-button-wrapper\">\n\t\t\t\t\t<a class=\"elementor-button elementor-button-link elementor-size-sm elementor-animation-shrink\" href=\"https:\/\/zuzana-cechova.cz\/en\/dospeli\/\">\n\t\t\t\t\t\t<span class=\"elementor-button-content-wrapper\">\n\t\t\t\t\t\t\t\t\t<span class=\"elementor-button-text\">More about adults<\/span>\n\t\t\t\t\t<\/span>\n\t\t\t\t\t<\/a>\n\t\t\t\t<\/div>\n\t\t\t\t\t\t\t\t<\/div>\n\t\t\t\t<\/div>\n\t\t\t\t\t<\/div>\n\t\t<\/div>\n\t\t\t\t\t<\/div>\n\t\t<\/section>\n\t\t\t\t<\/div>","protected":false},"excerpt":{"rendered":"<p>Moji klienti Pracuji s d\u011btmi, ml\u00e1de\u017e\u00ed i dosp\u011bl\u00fdmi. \u017denami i mu\u017ei.&nbsp; V\u0161emi, kter\u00e9 n\u011bco tr\u00e1p\u00ed nebo cht\u011bj\u00ed od sv\u00e9ho \u017eivota v\u00edc. Teenagers Je v\u00a0po\u0159\u00e1dku se ob\u010das c\u00edtit \u0161patn\u011b nebo si nev\u011bd\u011bt rady, ale pro\u010d v\u00a0tom setrv\u00e1vat dlouhodob\u011b? V\u00edce o teenagers Dosp\u011bl\u00ed Cht\u011bli byste se pohnout z\u00a0m\u00edsta a nev\u00edte jak? V\u00edce o dosp\u011bl\u00fdch<\/p>","protected":false},"author":1,"featured_media":0,"parent":0,"menu_order":0,"comment_status":"closed","ping_status":"closed","template":"","meta":{"inline_featured_image":false,"footnotes":""},"class_list":["post-17","page","type-page","status-publish","hentry"],"yoast_head":"<!-- This site is optimized with the Yoast SEO plugin v23.7 - https:\/\/yoast.com\/wordpress\/plugins\/seo\/ -->\n<title>Zuzana \u010cechov\u00e1 - Klienti<\/title>\n<meta name=\"robots\" content=\"index, follow, max-snippet:-1, max-image-preview:large, max-video-preview:-1\" \/>\n<link rel=\"canonical\" href=\"https:\/\/zuzana-cechova.cz\/en\/klienti\/\" \/>\n<meta property=\"og:locale\" content=\"en_US\" \/>\n<meta property=\"og:type\" content=\"article\" \/>\n<meta property=\"og:title\" content=\"Zuzana \u010cechov\u00e1 - Klienti\" \/>\n<meta property=\"og:description\" content=\"Moji klienti Pracuji s d\u011btmi, ml\u00e1de\u017e\u00ed i dosp\u011bl\u00fdmi. \u017denami i mu\u017ei.&nbsp; V\u0161emi, kter\u00e9 n\u011bco tr\u00e1p\u00ed nebo cht\u011bj\u00ed od sv\u00e9ho \u017eivota v\u00edc. Teenagers Je v\u00a0po\u0159\u00e1dku se ob\u010das c\u00edtit \u0161patn\u011b nebo si nev\u011bd\u011bt rady, ale pro\u010d v\u00a0tom setrv\u00e1vat dlouhodob\u011b? V\u00edce o teenagers Dosp\u011bl\u00ed Cht\u011bli byste se pohnout z\u00a0m\u00edsta a nev\u00edte jak? V\u00edce o dosp\u011bl\u00fdch\" \/>\n<meta property=\"og:url\" content=\"https:\/\/zuzana-cechova.cz\/en\/klienti\/\" \/>\n<meta property=\"og:site_name\" content=\"Zuzana \u010cechov\u00e1\" \/>\n<meta property=\"article:modified_time\" content=\"2021-05-14T15:54:43+00:00\" \/>\n<meta name=\"twitter:card\" content=\"summary_large_image\" \/>\n<meta name=\"twitter:label1\" content=\"Est. reading time\" \/>\n\t<meta name=\"twitter:data1\" content=\"1 minute\" \/>\n<script type=\"application\/ld+json\" class=\"yoast-schema-graph\">{\"@context\":\"https:\/\/schema.org\",\"@graph\":[{\"@type\":\"WebPage\",\"@id\":\"https:\/\/zuzana-cechova.cz\/klienti\/\",\"url\":\"https:\/\/zuzana-cechova.cz\/klienti\/\",\"name\":\"Zuzana \u010cechov\u00e1 - Klienti\",\"isPartOf\":{\"@id\":\"https:\/\/zuzana-cechova.cz\/#website\"},\"datePublished\":\"2021-03-18T13:37:28+00:00\",\"dateModified\":\"2021-05-14T15:54:43+00:00\",\"breadcrumb\":{\"@id\":\"https:\/\/zuzana-cechova.cz\/klienti\/#breadcrumb\"},\"inLanguage\":\"en-US\",\"potentialAction\":[{\"@type\":\"ReadAction\",\"target\":[\"https:\/\/zuzana-cechova.cz\/klienti\/\"]}]},{\"@type\":\"BreadcrumbList\",\"@id\":\"https:\/\/zuzana-cechova.cz\/klienti\/#breadcrumb\",\"itemListElement\":[{\"@type\":\"ListItem\",\"position\":1,\"name\":\"Dom\u016f\",\"item\":\"https:\/\/zuzana-cechova.cz\/\"},{\"@type\":\"ListItem\",\"position\":2,\"name\":\"Klienti\"}]},{\"@type\":\"WebSite\",\"@id\":\"https:\/\/zuzana-cechova.cz\/#website\",\"url\":\"https:\/\/zuzana-cechova.cz\/\",\"name\":\"Zuzana \u010cechov\u00e1\",\"description\":\"Pom\u00e1h\u00e1m lidem pomoc\u00ed metody zvan\u00e9 Frekven\u010dn\u00ed psychoterapie\",\"publisher\":{\"@id\":\"https:\/\/zuzana-cechova.cz\/#organization\"},\"potentialAction\":[{\"@type\":\"SearchAction\",\"target\":{\"@type\":\"EntryPoint\",\"urlTemplate\":\"https:\/\/zuzana-cechova.cz\/?s={search_term_string}\"},\"query-input\":{\"@type\":\"PropertyValueSpecification\",\"valueRequired\":true,\"valueName\":\"search_term_string\"}}],\"inLanguage\":\"en-US\"},{\"@type\":\"Organization\",\"@id\":\"https:\/\/zuzana-cechova.cz\/#organization\",\"name\":\"Zuzana \u010cechov\u00e1\",\"url\":\"https:\/\/zuzana-cechova.cz\/\",\"logo\":{\"@type\":\"ImageObject\",\"inLanguage\":\"en-US\",\"@id\":\"https:\/\/zuzana-cechova.cz\/#\/schema\/logo\/image\/\",\"url\":\"https:\/\/zuzana-cechova.cz\/wp-content\/uploads\/2021\/03\/Logo-\u2013-Zuzana-Cechova.svg\",\"contentUrl\":\"https:\/\/zuzana-cechova.cz\/wp-content\/uploads\/2021\/03\/Logo-\u2013-Zuzana-Cechova.svg\",\"width\":299,\"height\":48,\"caption\":\"Zuzana \u010cechov\u00e1\"},\"image\":{\"@id\":\"https:\/\/zuzana-cechova.cz\/#\/schema\/logo\/image\/\"}}]}<\/script>\n<!-- \/ Yoast SEO plugin. -->","yoast_head_json":{"title":"Zuzana \u010cechov\u00e1 - Klienti","robots":{"index":"index","follow":"follow","max-snippet":"max-snippet:-1","max-image-preview":"max-image-preview:large","max-video-preview":"max-video-preview:-1"},"canonical":"https:\/\/zuzana-cechova.cz\/en\/klienti\/","og_locale":"en_US","og_type":"article","og_title":"Zuzana \u010cechov\u00e1 - Klienti","og_description":"Moji klienti Pracuji s d\u011btmi, ml\u00e1de\u017e\u00ed i dosp\u011bl\u00fdmi. \u017denami i mu\u017ei.&nbsp; V\u0161emi, kter\u00e9 n\u011bco tr\u00e1p\u00ed nebo cht\u011bj\u00ed od sv\u00e9ho \u017eivota v\u00edc. Teenagers Je v\u00a0po\u0159\u00e1dku se ob\u010das c\u00edtit \u0161patn\u011b nebo si nev\u011bd\u011bt rady, ale pro\u010d v\u00a0tom setrv\u00e1vat dlouhodob\u011b? V\u00edce o teenagers Dosp\u011bl\u00ed Cht\u011bli byste se pohnout z\u00a0m\u00edsta a nev\u00edte jak? V\u00edce o dosp\u011bl\u00fdch","og_url":"https:\/\/zuzana-cechova.cz\/en\/klienti\/","og_site_name":"Zuzana \u010cechov\u00e1","article_modified_time":"2021-05-14T15:54:43+00:00","twitter_card":"summary_large_image","twitter_misc":{"Est. reading time":"1 minute"},"schema":{"@context":"https:\/\/schema.org","@graph":[{"@type":"WebPage","@id":"https:\/\/zuzana-cechova.cz\/klienti\/","url":"https:\/\/zuzana-cechova.cz\/klienti\/","name":"Zuzana \u010cechov\u00e1 - Klienti","isPartOf":{"@id":"https:\/\/zuzana-cechova.cz\/#website"},"datePublished":"2021-03-18T13:37:28+00:00","dateModified":"2021-05-14T15:54:43+00:00","breadcrumb":{"@id":"https:\/\/zuzana-cechova.cz\/klienti\/#breadcrumb"},"inLanguage":"en-US","potentialAction":[{"@type":"ReadAction","target":["https:\/\/zuzana-cechova.cz\/klienti\/"]}]},{"@type":"BreadcrumbList","@id":"https:\/\/zuzana-cechova.cz\/klienti\/#breadcrumb","itemListElement":[{"@type":"ListItem","position":1,"name":"Dom\u016f","item":"https:\/\/zuzana-cechova.cz\/"},{"@type":"ListItem","position":2,"name":"Klienti"}]},{"@type":"WebSite","@id":"https:\/\/zuzana-cechova.cz\/#website","url":"https:\/\/zuzana-cechova.cz\/","name":"Zuzana \u010cechov\u00e1","description":"Pom\u00e1h\u00e1m lidem pomoc\u00ed metody zvan\u00e9 Frekven\u010dn\u00ed psychoterapie","publisher":{"@id":"https:\/\/zuzana-cechova.cz\/#organization"},"potentialAction":[{"@type":"SearchAction","target":{"@type":"EntryPoint","urlTemplate":"https:\/\/zuzana-cechova.cz\/?s={search_term_string}"},"query-input":{"@type":"PropertyValueSpecification","valueRequired":true,"valueName":"search_term_string"}}],"inLanguage":"en-US"},{"@type":"Organization","@id":"https:\/\/zuzana-cechova.cz\/#organization","name":"Zuzana \u010cechov\u00e1","url":"https:\/\/zuzana-cechova.cz\/","logo":{"@type":"ImageObject","inLanguage":"en-US","@id":"https:\/\/zuzana-cechova.cz\/#\/schema\/logo\/image\/","url":"https:\/\/zuzana-cechova.cz\/wp-content\/uploads\/2021\/03\/Logo-\u2013-Zuzana-Cechova.svg","contentUrl":"https:\/\/zuzana-cechova.cz\/wp-content\/uploads\/2021\/03\/Logo-\u2013-Zuzana-Cechova.svg","width":299,"height":48,"caption":"Zuzana \u010cechov\u00e1"},"image":{"@id":"https:\/\/zuzana-cechova.cz\/#\/schema\/logo\/image\/"}}]}},"_links":{"self":[{"href":"https:\/\/zuzana-cechova.cz\/en\/wp-json\/wp\/v2\/pages\/17","targetHints":{"allow":["GET"]}}],"collection":[{"href":"https:\/\/zuzana-cechova.cz\/en\/wp-json\/wp\/v2\/pages"}],"about":[{"href":"https:\/\/zuzana-cechova.cz\/en\/wp-json\/wp\/v2\/types\/page"}],"author":[{"embeddable":true,"href":"https:\/\/zuzana-cechova.cz\/en\/wp-json\/wp\/v2\/users\/1"}],"replies":[{"embeddable":true,"href":"https:\/\/zuzana-cechova.cz\/en\/wp-json\/wp\/v2\/comments?post=17"}],"version-history":[{"count":101,"href":"https:\/\/zuzana-cechova.cz\/en\/wp-json\/wp\/v2\/pages\/17\/revisions"}],"predecessor-version":[{"id":1960,"href":"https:\/\/zuzana-cechova.cz\/en\/wp-json\/wp\/v2\/pages\/17\/revisions\/1960"}],"wp:attachment":[{"href":"https:\/\/zuzana-cechova.cz\/en\/wp-json\/wp\/v2\/media?parent=17"}],"curies":[{"name":"wp","href":"https:\/\/api.w.org\/{rel}","templated":true}]}}